{"id":2067,"date":"2016-04-07T07:42:39","date_gmt":"2016-04-07T07:42:39","guid":{"rendered":"http:\/\/motors-demo.loc\/dealer_two\/?page_id=2067"},"modified":"2020-10-23T12:41:28","modified_gmt":"2020-10-23T10:41:28","slug":"presentation","status":"publish","type":"page","link":"https:\/\/freetimecar.com\/freetimecar2\/presentation\/","title":{"rendered":"Pr\u00e9sentation"},"content":{"rendered":"<p>[vc_row css=\u00a0\u00bb.vc_custom_1524486494658{margin-top: 90px !important;margin-bottom: 51px !important;}\u00a0\u00bb][vc_column width=\u00a0\u00bb1\/2&Prime; el_class=\u00a0\u00bbstm-col-pad-right\u00a0\u00bb][vc_single_image image=\u00a0\u00bb4037&Prime; img_size=\u00a0\u00bbfull\u00a0\u00bb stm_fancybox=\u00a0\u00bbyes\u00a0\u00bb css=\u00a0\u00bb.vc_custom_1602596522036{margin-bottom: 35px !important;}\u00a0\u00bb][\/vc_column][vc_column width=\u00a0\u00bb1\/2&Prime; el_class=\u00a0\u00bbstm-col-pad-left\u00a0\u00bb][vc_column_text]<\/p>\n<h3 style=\"margin-bottom: 18px;\">BIENVENUE \u00c0 LA <span style=\"color: #cc6119;\">Free Time Car<\/span><\/h3>\n<h5 style=\"margin-bottom: 10px;\">L\u2019agence de location de voiture freetimecar2, dirig\u00e9e par Mr Ali IDALI n&rsquo;a cess\u00e9 de se d\u00e9velopper gr\u00e2ce \u00e0 une politique de qualit\u00e9 rigoureuse et d&rsquo;\u00e9volution permanente.<\/h5>\n<p style=\"margin-bottom: 15px;\">L&rsquo;activit\u00e9 de freetimecar2 est bas\u00e9e sur la location courte et longue dur\u00e9e de v\u00e9hicules au profit des particuliers et des soci\u00e9t\u00e9s.<\/p>\n<p>L\u2019agence de location de voiture freetimecar2 a su s&rsquo;imposer sur le march\u00e9 marocain par son professionnalisme, sa qualit\u00e9 de service, ainsi qu&rsquo;un excellent rapport qualit\u00e9 prix.[\/vc_column_text][\/vc_column][\/vc_row][vc_row css=\u00a0\u00bb.vc_custom_1445594570930{margin-bottom: 83px !important;}\u00a0\u00bb][vc_column width=\u00a0\u00bb1\/2&Prime; el_class=\u00a0\u00bbstm-col-pad-right\u00a0\u00bb][vc_column_text css=\u00a0\u00bb.vc_custom_1603367197117{margin-bottom: 23px !important;}\u00a0\u00bb]<\/p>\n<h3>Free Time Car<\/h3>\n<p>[\/vc_column_text][vc_separator css=\u00a0\u00bb.vc_custom_1445496980428{margin-bottom: 19px !important;}\u00a0\u00bb][vc_column_text css=\u00a0\u00bb.vc_custom_1603366844593{margin-bottom: 24px !important;}\u00a0\u00bb]L\u2019agence de location de voiture freetimecar2 peut se pr\u00e9valoir d&rsquo;un leader Ship en mati\u00e8re de prestations de service et contribue en amont \u00e0 l&rsquo;organisation et au besoin logistique de sa client\u00e8le.[\/vc_column_text][vc_column_text css=\u00a0\u00bb.vc_custom_1603366891327{margin-bottom: 24px !important;}\u00a0\u00bb]Ponctualit\u00e9, rigueur, s\u00e9rieux sont les ma\u00eetres mots qui caract\u00e9risent le d\u00e9veloppement de la soci\u00e9t\u00e9 freetimecar2.[\/vc_column_text][vc_column_text css=\u00a0\u00bb.vc_custom_1603366925023{margin-bottom: 24px !important;}\u00a0\u00bb]L\u2019agence de location de voiture freetimecar2 poss\u00e8de un personnel disponible et de chauffeurs d&rsquo;exp\u00e9rience connaissant parfaitement leur m\u00e9tier.[\/vc_column_text][\/vc_column][vc_column width=\u00a0\u00bb1\/2&Prime; el_class=\u00a0\u00bbstm-col-pad-left\u00a0\u00bb][vc_single_image image=\u00a0\u00bb4038&Prime; img_size=\u00a0\u00bbfull\u00a0\u00bb stm_fancybox=\u00a0\u00bbyes\u00a0\u00bb css=\u00a0\u00bb.vc_custom_1602596654060{margin-bottom: 35px !important;}\u00a0\u00bb][\/vc_column][\/vc_row][vc_row css=\u00a0\u00bb.vc_custom_1603449681269{margin-top: -50px !important;margin-bottom: 50px !important;}\u00a0\u00bb][vc_column el_class=\u00a0\u00bbstm-col-pad-right\u00a0\u00bb css=\u00a0\u00bb.vc_custom_1445583873131{margin-bottom: 35px !important;}\u00a0\u00bb][vc_column_text]<\/p>\n<p style=\"text-align: justify;\">L\u2019agence de location de voiture freetimecar2 offre un service de location longue dur\u00e9e qui est une alternative plus \u00e9conomique \u00e0 l\u2019achat d\u2019une voiture. Gr\u00e2ce \u00e0 ce type de location vous aurez l\u2019occasion de conduire un v\u00e9hicule sans vous ruiner. freetimecar2 s\u2019engage \u00e0 vous satisfaire et \u00e0 vous aider \u00e0 trouver la formule qui vous convient.Particuliers, entreprises ou profession lib\u00e9rale, Free Time Car satisfaits tous les go\u00fbts et tous les besoins.<\/p>\n<p>[\/vc_column_text][\/vc_column][\/vc_row]<\/p>\n","protected":false},"excerpt":{"rendered":"<p>[vc_row css=\u00a0\u00bb.vc_custom_1524486494658{margin-top: 90px !important;margin-bottom: 51px !important;}\u00a0\u00bb][vc_column width=\u00a0\u00bb1\/2&Prime; el_class=\u00a0\u00bbstm-col-pad-right\u00a0\u00bb][vc_single_image image=\u00a0\u00bb4037&Prime; img_size=\u00a0\u00bbfull\u00a0\u00bb stm_fancybox=\u00a0\u00bbyes\u00a0\u00bb css=\u00a0\u00bb.vc_custom_1602596522036{margin-bottom: 35px !important;}\u00a0\u00bb][\/vc_column][vc_column width=\u00a0\u00bb1\/2&Prime; el_class=\u00a0\u00bbstm-col-pad-left\u00a0\u00bb][vc_column_text] BIENVENUE \u00c0 LA Free Time Car L\u2019agence de location de voiture freetimecar2, dirig\u00e9e par Mr Ali IDALI n&rsquo;a cess\u00e9 de se d\u00e9velopper gr\u00e2ce \u00e0 une politique de qualit\u00e9 rigoureuse et d&rsquo;\u00e9volution permanente. L&rsquo;activit\u00e9 de freetimecar2 est bas\u00e9e sur la&#8230;<\/p>\n","protected":false},"author":1,"featured_media":0,"parent":0,"menu_order":0,"comment_status":"closed","ping_status":"closed","template":"","meta":{"footnotes":""},"_links":{"self":[{"href":"https:\/\/freetimecar.com\/freetimecar2\/wp-json\/wp\/v2\/pages\/2067"}],"collection":[{"href":"https:\/\/freetimecar.com\/freetimecar2\/wp-json\/wp\/v2\/pages"}],"about":[{"href":"https:\/\/freetimecar.com\/freetimecar2\/wp-json\/wp\/v2\/types\/page"}],"author":[{"embeddable":true,"href":"https:\/\/freetimecar.com\/freetimecar2\/wp-json\/wp\/v2\/users\/1"}],"replies":[{"embeddable":true,"href":"https:\/\/freetimecar.com\/freetimecar2\/wp-json\/wp\/v2\/comments?post=2067"}],"version-history":[{"count":13,"href":"https:\/\/freetimecar.com\/freetimecar2\/wp-json\/wp\/v2\/pages\/2067\/revisions"}],"predecessor-version":[{"id":4116,"href":"https:\/\/freetimecar.com\/freetimecar2\/wp-json\/wp\/v2\/pages\/2067\/revisions\/4116"}],"wp:attachment":[{"href":"https:\/\/freetimecar.com\/freetimecar2\/wp-json\/wp\/v2\/media?parent=2067"}],"curies":[{"name":"wp","href":"https:\/\/api.w.org\/{rel}","templated":true}]}}